{"id":4217,"date":"2019-10-24T05:17:09","date_gmt":"2019-10-24T05:17:09","guid":{"rendered":"https:\/\/bteh.org\/?page_id=4217\/"},"modified":"2019-10-24T05:17:09","modified_gmt":"2019-10-24T05:17:09","slug":"ice-challenge-chuong-nguyen","status":"publish","type":"page","link":"https:\/\/bteh.org\/th\/ice-challenge-chuong-nguyen\/","title":{"rendered":"CHI\u1ebeN D\u1ecaCH G\u00c2Y QU\u1ef8 &#8211; D\u1ef0 \u00c1N \u201c\u0110\u01afA VOI V\u1ec0 NH\u00c0\u201d Please support my Ice Challenge"},"content":{"rendered":"<p>T\u1eeb m\u1ed9t s\u1ef1 t\u00ecnh c\u1edd, \u0111\u00e3 t\u00e1c \u0111\u1ed9ng to l\u1edbn t\u1edbi nh\u1eadn th\u1ee9c c\u1ee7a t\u00f4i v\u1ec1 th\u00e2n ph\u1eadn c\u1ee7a nh\u1eefng ch\u00fa voi.&nbsp;<\/p><p>M\u1edbi \u0111\u00e2y nh\u00e2n m\u1ed9t chuy\u1ebfn \u0111\u1ea1p xe \u1edf v\u00f9ng T\u00e2y nguy\u00ean c\u1ee7a Vi\u1ec7t nam, n\u01a1i n\u1ed5i ti\u1ebfng v\u00ec nh\u1eefng khu r\u1eebng nguy\u00ean sinh v\u00e0 h\u1ec7 \u0111\u1ed9ng v\u1eadt phong ph\u00fa. Trong \u0111\u00f3 nh\u1eefng ch\u00fa voi T\u00e2y nguy\u00ean l\u00e0 ni\u1ec1m c\u1ea3m h\u1ee9ng v\u00f4 h\u1ea1n trong nh\u1eefng t\u00e1c ph\u1ea9m v\u0103n h\u1ecdc m\u00e0 b\u1ea5t c\u1ee9 \u0111\u1ee9a tr\u1ebb Vi\u1ec7t nam n\u00e0o c\u0169ng \u0111\u01b0\u1ee3c bi\u1ebft. Nh\u01b0ng khi tr\u1ea3i nghi\u1ec7m th\u1ef1c t\u1ebf, nh\u00ecn th\u1ea5y c\u00e1ch ng\u01b0\u1eddi ta c\u01b0 x\u1eed v\u1edbi lo\u00e0i \u0111\u1ed9ng v\u1eadt v\u00f4 c\u00f9ng th\u00f4ng minh n\u00e0y, trong t\u00f4i d\u1ea5y l\u00ean m\u1ed9t n\u1ed7i bu\u1ed3n v\u00f4 h\u1ea1n.&nbsp;<\/p><p>Nh\u1eefng ch\u00fa voi sinh ra kh\u00f4ng ph\u1ea3i \u0111\u1ec3 l\u00e0m ph\u01b0\u01a1ng ti\u1ec7n ph\u1ee5c v\u1ee5 cho con ng\u01b0\u1eddi, c\u0169ng kh\u00f4ng ph\u1ea3i l\u00e0 di\u1ec5n vi\u00ean mua vui trong nh\u1eefng g\u00e1nh xi\u1ebfc, nh\u00e0 c\u1ee7a ch\u00fang l\u00e0 \u1edf b\u00ean trong nh\u1eefng c\u00e1nh r\u1eebng \u0111\u1ea1i ng\u00e0n kia. N\u01a1i m\u00e0 h\u00e0ng tri\u1ec7u n\u0103m nay ch\u00fang v\u1eabn thu\u1ed9c v\u1ec1.<\/p><div class=\"wp-block-image\"><figure class=\"aligncenter\"><img decoding=\"async\" src=\"https:\/\/bteh.org\/wp-content\/uploads\/sites\/248\/2019\/10\/Photo-10-21-19-14-32-25.jpg\" alt=\"\" class=\"wp-image-4230\" \/><\/figure><\/div><div class=\"wp-block-image\"><figure class=\"aligncenter\"><img decoding=\"async\" src=\"https:\/\/bteh.org\/wp-content\/uploads\/sites\/248\/2019\/10\/Photo-10-21-19-14-41-30-1024x727.jpg\" alt=\"\" class=\"wp-image-4218\" \/><\/figure><\/div><p>Nh\u1eadn th\u1ea5y tr\u00e1ch nhi\u1ec7m ph\u1ea3i l\u00e0m m\u1ed9t \u0111i\u1ec1u g\u00ec \u0111\u00f3 \u0111\u00fang \u0111\u1eafn. T\u00f4i nh\u1eadn l\u1eddi k\u00eau g\u1ecdi th\u00e1ch th\u1ee9c g\u00e2y qu\u1ef9 c\u1ee7a t\u1ed5 ch\u1ee9c BRING THE ELEPHANT HOME c\u00f9ng v\u1edbi ti\u1ebfng g\u1ecdi c\u1ee7a WIM HOF ICE MAN. T\u00f4i NGUYEN THANH CHUONG &#8211; VIETNAM s\u1ebd c\u1ed1 g\u1eafng h\u1ebft s\u1ee9c b\u1eb1ng s\u1ef1 s\u00e1ng t\u1ea1o c\u1ee7a m\u00ecnh, s\u1ebd t\u1ea1o ra nhi\u1ec1u th\u00e1ch th\u1ee9c kh\u00e1c nhau , t\u1eeb \u0111\u00f3 n\u00e2ng cao nh\u1eadn th\u1ee9c v\u1ec1 tr\u00e1ch nhi\u1ec7m hy v\u1ecdng c\u1ed9ng \u0111\u1ed3ng c\u00f9ng chung tay, g\u00f3p s\u1ee9c g\u00e2y d\u1ef1ng qu\u1ef9.&nbsp;<\/p><p>T\u1ea5t c\u1ea3 nh\u1eefng g\u00ec t\u00f4i c\u00f3 th\u1ec3 l\u00e0m. T\u1eeb vi\u1ec7c nh\u1ecf nh\u01b0 t\u1ef1 h\u00e1i v\u00e0 b\u00e1n hoa sen, l\u00ean \u00fd t\u01b0\u1edfng thi\u1ebft k\u1ebf postcard \u0111\u1ec3 b\u00e1n v\u00e0 may m\u1eafn \u0111\u01b0\u1ee3c thi\u1ebft k\u1ebf minh ho\u1ea1 b\u1edfi m\u1ed9t ho\u1ea1 s\u0129 v\u00f4 c\u00f9ng t\u00e0i n\u0103ng PHAN VU LINH, t\u1edbi vi\u1ec7c t\u1ed5 ch\u1ee9c m\u1ed9t bu\u1ed5i chia s\u1ebb v\u1edbi c\u00e1c b\u1ea1n th\u00e2n m\u1ebfn v\u1ec1 c\u00f4ng vi\u1ec7c \u00fd ngh\u0129a n\u00e0y.&nbsp;<\/p><div class=\"wp-block-image\"><figure class=\"aligncenter\"><img decoding=\"async\" src=\"https:\/\/bteh.org\/wp-content\/uploads\/sites\/248\/2019\/10\/Photo-10-23-19-07-14-40-1024x768.jpg\" alt=\"\" class=\"wp-image-4221\" \/><\/figure><\/div><p>T\u00f4i c\u00f3 \u0111\u01b0\u1ee3c s\u1ef1 \u0111\u1ed9ng vi\u00ean v\u00e0 h\u01b0\u1edfng \u1ee9ng t\u1eeb r\u1ea5t nhi\u1ec1u nh\u1eefng ng\u01b0\u1eddi b\u1ea1n tuy\u1ec7t v\u1eddi c\u1ee7a m\u00ecnh. Nh\u01b0 ngh\u1ec7 s\u0129 x\u0103m h\u00ecnh n\u1ed5i ti\u1ebfng Trung Tadashi, \u0111\u1ea1o di\u1ec5n ki\u00eam \u1ea3o thu\u1eadt gia t\u00e0i n\u0103ng BONE HO, v\u00e0 r\u1ea5t nhi\u1ec1u c\u00e1c b\u1ea1n b\u00e8 kh\u00e1c t\u1eeb kh\u1eafp n\u01a1i tr\u00ean \u0111\u1ea5t n\u01b0\u1edbc Vi\u1ec7t nam, \u0111\u1ee7 m\u1ecdi ng\u00e0nh ngh\u1ec1, gi\u1edbi t\u00ednh v\u00e0 l\u1ee9a tu\u1ed5i. <\/p><figure class=\"wp-block-image\"><img decoding=\"async\" src=\"https:\/\/bteh.org\/wp-content\/uploads\/sites\/248\/2019\/10\/2-1024x574.jpg\" alt=\"\" class=\"wp-image-4244\" \/><\/figure><p>M\u00ecnh s\u1ebd ti\u1ebfp t\u1ee5c th\u00e1ch th\u1ee9c T\u1eaeM N\u01af\u1edaC \u0110\u00c1 &#8211; ICE CHALLENE t\u1ea1i Thailand v\u00e0o th\u00e1ng 12 t\u1edbi \u0111\u00e2y, sau \u0111\u00f3 ti\u1ebfp t\u1ee5c h\u00e0nh tr\u00ecnh \u0111\u1ea1p xe g\u00e2y qu\u1ef9 t\u1ea1i ph\u00eda b\u1eafc Th\u00e1i Lan.<\/p><p>T\u00f4i v\u00f4 c\u00f9ng bi\u1ebft \u01a1n v\u00e0 tr\u00e2n tr\u1ecdng v\u00ec s\u1ef1 \u1ee7ng h\u1ed9 tinh th\u1ea7n v\u00e0 v\u1eadt ch\u1ea5t c\u00e1c b\u1ea1n. \u0110i\u1ec1u \u0111\u00f3 c\u00f3 \u00fd ngh\u0129a v\u00f4 c\u00f9ng to l\u1edbn. S\u1ebd c\u00f3 nh\u1eefng b\u1ee9c \u1ea3nh \u0111\u1eb9p nh\u1ea5t v\u1ec1 nh\u1eefng ho\u1ea1t \u0111\u1ed9ng s\u1eafp t\u1edbi g\u1eedi c\u00e1c b\u1ea1n.&nbsp;<\/p><p>N\u1ebfu c\u00e1c b\u1ea1n mu\u1ed1n c\u00e1c ch\u00fa voi \u0111\u01b0\u1ee3c tr\u1edf l\u1ea1i m\u00e1i nh\u00e0 c\u1ee7a ch\u00fang, c\u00f3 th\u1ec3 \u0111\u00f3ng g\u00f3p tr\u1ef1c ti\u1ebfp cho t\u1ed5 ch\u1ee9c BRING THE ELEPHANT HOME t\u1ea1i \u0111\u00e2y.<\/p><pre class=\"wp-block-preformatted\"><\/pre><h2 class=\"wp-block-heading\">T\u00f4i v\u00f4 c\u00f9ng bi\u1ebft \u01a1n v\u00e0 tr\u00e2n tr\u1ecdng<\/h2><p><strong>N\u1ebfu c\u00e1c b\u1ea1n c\u1ea3m th\u1ea5y phi\u1ec1n ph\u1ee9c v\u1edbi th\u1ebb t\u00edn d\u1ee5ng, c\u00f3 th\u1ec3 \u0111\u00f3ng g\u00f3p t\u1ea1i t\u00e0i kho\u1ea3n VN qua :&nbsp;<br>19022680569015&nbsp;Nguyen Thanh Chuong&nbsp;Teckcombank <\/strong><\/p><p><\/p><h2 class=\"wp-block-heading\">Ice Challenge fundraising &#8211; Bring the Elephant Home. <\/h2><p>An unexpected situation&#8230; In Oct I was cycling at Dak Lak &#8211; Vietnam, and after seeing elephant i felt some connection with the elephant. The elephants don&#8217;t belong here, his home is the forest. After that I came cross to BRING THE ELEPHANT HOME PROJECT and with the calling of Wim Hof ICEMAN. I&#8217;m NGUYEN THANH CHUONG FROM VIETNAM&nbsp;<\/p><p>I am raising funds in new exciting way to me. I\u2019ve been selling lotus flower to get some extra fund which I have never done before. I also sell some postcards designed by Artist Phan Vu Linh and organized workshops to share some thoughts. With the support from great friends Tadashi Tattoo , the card magic man Mr Bone Ho to gain a little extra fund by our work effort.<\/p><p>I&#8217;ll be at the ICE CHALLENGE EVENT on December , then continue to BICYCLE TOURING to the north of Thailand. Im much appreciate your support. You can contribute directly to the project at this page below. Again thanks and best regards.<\/p><p style=\"text-align:right\"> <em style=\"font-style: italic\">My personal minimum target: \u20ac2.198<\/em>.<em> Raised so far:<\/em>[text-blocks id=&#8221;donation-destination-balance&#8221; destination=CHALLENGE_ICE_NGUYEN plain=&#8221;1&#8243;]<\/p><p><strong><em>N\u1ebfu c\u00e1c b\u1ea1n c\u1ea3m th\u1ea5y phi\u1ec1n ph\u1ee9c v\u1edbi th\u1ebb t\u00edn d\u1ee5ng, c\u00f3 th\u1ec3 \u0111\u00f3ng g\u00f3p t\u1ea1i t\u00e0i kho\u1ea3n VN qua :&nbsp;<br>19022680569015&nbsp;Nguyen Thanh Chuong&nbsp;Teckcombank <\/em><\/strong><\/p><p style=\"text-align:right\"><em><strong>Donation form<\/strong><\/em><\/p><h2 class=\"wp-block-heading\"><strong>Y<\/strong>es, I&#8217;ll support Chuong Nguyen&#8217;s Ice Challenge!<strong> <\/strong><\/h2><p>[text-blocks id=&#8221;donation-form-destination&#8221; destination=&#8221;CHALLENGE_ICE_NGUYEN_ONE_OFF_DONATION&#8221; plain=&#8221;1&#8243;] <\/p><p><em>Conditions<\/em><\/p><p>We will receive your name and account number when you make a donation via our web forms. This personal data is necessary for the processing of your donation and in order to secure your spot. Bring the Elephant Home Foundation will handle all personal data with the utmost care and will not distribute your data to third parties. We will use your data to inform you about our ongoing activities or to ask for your support. Read more about&nbsp;<a href=\"https:\/\/bteh.org\/wp-content\/uploads\/sites\/248\/2016\/12\/Privacy-policy-2018.pdf\">our privacy policy<\/a>. <\/p><p>Bring the Elephant Home foundation is a Dutch charity.<\/p><p><img loading=\"lazy\" decoding=\"async\" class=\"alignnone size-full wp-image-48\" src=\"https:\/\/bteh.org\/wp-content\/uploads\/sites\/248\/2016\/12\/anbi.jpg\" alt=\"\" width=\"130\" height=\"103\">&nbsp; &nbsp; &nbsp; &nbsp;<img loading=\"lazy\" decoding=\"async\" class=\"alignnone wp-image-2214\" src=\"https:\/\/bteh.org\/wp-content\/uploads\/sites\/248\/2019\/08\/CBF-ERKEND-FC-1.jpg\" alt=\"\" width=\"150\" height=\"151\"><\/p><p>BTEH Challenge uses:<\/p><p><img loading=\"lazy\" decoding=\"async\" class=\"alignnone wp-image-2225\" src=\"https:\/\/bteh.org\/wp-content\/uploads\/sites\/248\/2019\/08\/logogroot-300x59.png\" alt=\"\" width=\"229\" height=\"45\"><\/p><div class=\"wp-block-button aligncenter\"><a class=\"wp-block-button__link has-text-color has-very-light-gray-color has-background has-vivid-green-cyan-background-color\" href=\"https:\/\/bteh.org\/wim-hof-ice-challenge\/\"><strong>Ice Challenge &#8211; Please join<\/strong><\/a><\/div><p><\/p>","protected":false},"excerpt":{"rendered":"<p>T\u1eeb m\u1ed9t s\u1ef1 t\u00ecnh c\u1edd, \u0111\u00e3 t\u00e1c \u0111\u1ed9ng to l\u1edbn t\u1edbi nh\u1eadn th\u1ee9c c\u1ee7a t\u00f4i v\u1ec1 th\u00e2n ph\u1eadn c\u1ee7a nh\u1eefng ch\u00fa voi.&nbsp; M\u1edbi \u0111\u00e2y nh\u00e2n m\u1ed9t chuy\u1ebfn \u0111\u1ea1p xe \u1edf&#8230;<\/p>\n","protected":false},"author":1,"featured_media":4148,"parent":0,"menu_order":0,"comment_status":"closed","ping_status":"closed","template":"","meta":{"_acf_changed":false,"footnotes":""},"class_list":["post-4217","page","type-page","status-publish","has-post-thumbnail","hentry"],"acf":[],"_links":{"self":[{"href":"https:\/\/bteh.org\/th\/wp-json\/wp\/v2\/pages\/4217","targetHints":{"allow":["GET"]}}],"collection":[{"href":"https:\/\/bteh.org\/th\/wp-json\/wp\/v2\/pages"}],"about":[{"href":"https:\/\/bteh.org\/th\/wp-json\/wp\/v2\/types\/page"}],"author":[{"embeddable":true,"href":"https:\/\/bteh.org\/th\/wp-json\/wp\/v2\/users\/1"}],"replies":[{"embeddable":true,"href":"https:\/\/bteh.org\/th\/wp-json\/wp\/v2\/comments?post=4217"}],"version-history":[{"count":0,"href":"https:\/\/bteh.org\/th\/wp-json\/wp\/v2\/pages\/4217\/revisions"}],"wp:featuredmedia":[{"embeddable":true,"href":"https:\/\/bteh.org\/th\/wp-json\/wp\/v2\/media\/4148"}],"wp:attachment":[{"href":"https:\/\/bteh.org\/th\/wp-json\/wp\/v2\/media?parent=4217"}],"curies":[{"name":"wp","href":"https:\/\/api.w.org\/{rel}","templated":true}]}}